{"id":62,"date":"2017-02-14T16:24:04","date_gmt":"2017-02-14T16:24:04","guid":{"rendered":"http:\/\/kioscocina.com\/?page_id=62"},"modified":"2020-03-24T11:39:33","modified_gmt":"2020-03-24T11:39:33","slug":"politica-de-privacidad","status":"publish","type":"page","link":"http:\/\/kioscocina.com\/es_ES\/politica-de-privacidad\/","title":{"rendered":"Pol\u00edtica de privacidad"},"content":{"rendered":"<form class=\"mltlngg_switcher\" name=\"mltlngg_change_language\" method=\"post\" action=\"\"><ul class=\"mltlngg-lang-switch mltlngg-lang-switch-names\">\n\t\t\t\t\t\t<li>\n\t\t\t\t\t\t\t<a>\n\t\t\t\t\t\t\t\t<img src=\"http:\/\/kioscocina.com\/wp-content\/plugins\/multilanguage\/images\/flags\/es_ES.png\"> Espa\u00f1ol<\/a>\n\t\t\t\t\t\t\t<ul><li>\n\t\t\t\t\t\t\t<button class=\"mltlngg-lang-button-icons\" name=\"mltlngg_change_display_lang\" value=\"en_GB\" title=\"English\">\n\t\t\t\t\t\t\t\t<img class=\"mltlngg-lang\" src=\"http:\/\/kioscocina.com\/wp-content\/plugins\/multilanguage\/images\/flags\/en_GB.png\" alt=\"English\"> English<\/button>\n\t\t\t\t\t\t<\/li><li>\n\t\t\t\t\t\t\t<button class=\"mltlngg-lang-button-icons\" name=\"mltlngg_change_display_lang\" value=\"de_DE\" title=\"Deutsch\">\n\t\t\t\t\t\t\t\t<img class=\"mltlngg-lang\" src=\"http:\/\/kioscocina.com\/wp-content\/plugins\/multilanguage\/images\/flags\/de_DE.png\" alt=\"Deutsch\"> Deutsch<\/button>\n\t\t\t\t\t\t<\/li><li>\n\t\t\t\t\t\t\t<button class=\"mltlngg-lang-button-icons\" name=\"mltlngg_change_display_lang\" value=\"fr_FR\" title=\"Fran\u00e7ais\">\n\t\t\t\t\t\t\t\t<img class=\"mltlngg-lang\" src=\"http:\/\/kioscocina.com\/wp-content\/plugins\/multilanguage\/images\/flags\/fr_FR.png\" alt=\"Fran\u00e7ais\"> Fran\u00e7ais<\/button>\n\t\t\t\t\t\t<\/li><li>\n\t\t\t\t\t\t\t<button class=\"mltlngg-lang-button-icons\" name=\"mltlngg_change_display_lang\" value=\"zh_CN\" title=\"\u4e2d\u6587 (\u4e2d\u56fd)\">\n\t\t\t\t\t\t\t\t<img class=\"mltlngg-lang\" src=\"http:\/\/kioscocina.com\/wp-content\/plugins\/multilanguage\/images\/flags\/zh_CN.png\" alt=\"\u4e2d\u6587 (\u4e2d\u56fd)\"> \u4e2d\u6587 (\u4e2d\u56fd)<\/button>\n\t\t\t\t\t\t<\/li><\/ul>\n\t\t\t\t\t\t<\/li>\n\t\t\t\t\t<\/ul><\/form>\n<p><span style=\"font-size: x-large;\"><b>POL\u00cdTICA DE PRIVACIDAD<\/b><\/span><\/p>\n<p>Kioscocina pertenece a la empresa Ediciones Distribuciones y Aplicaciones Peri\u00f3dicas SL, con CIF B93727212, y domicilio social en Calle Alejandro Dumas, Bloque 1, Oficina 2, 29004 M\u00e1laga. Email: vchmag@vchmag.com<\/p>\n<p>Kioscocina recopila, almacena y utiliza su informaci\u00f3n personal como responsable del tratamiento relacionado con el fin de proporcionar y desarrollar productos, aplicaciones m\u00f3viles, servicios y sitios web (en conjunto \u00abServicios\u00bb ) de acuerdo con esta pol\u00edtica de privacidad (\u00abpol\u00edtica de privacidad\u00bb).<\/p>\n<p>Para preguntas e informaci\u00f3n sobre pol\u00edtica de privacidad y los derechos del interesado, por favor, p\u00f3ngase en contacto con nosotros a trav\u00e9s de la p\u00e1gina www.kioscocina.com.<\/p>\n<p>Todos los Servicios de Kioscocina se rigen por esta Pol\u00edtica de Privacidad y al utilizar o acceder a un servicio, Usted presta su consentimiento al tratamiento, uso y divulgaci\u00f3n de sus datos. Por favor, no instale o utilice los Servicios si no est\u00e1 de acuerdo con esta Pol\u00edtica de Privacidad.<\/p>\n<p>Nos reservamos el derecho de modificar esta declaraci\u00f3n de privacidad en cualquier momento, por lo que rogamos que la revise con frecuencia. El uso continuado de nuestros productos y servicios online y para m\u00f3viles significa que usted acepta los cambios en nuestra Pol\u00edtica de privacidad online.<\/p>\n<p><span style=\"font-size: large;\"><u><b>1. \u00bfC\u00f3mo se recopila su informaci\u00f3n?<\/b><\/u><\/span><\/p>\n<p>Las situaciones en las que los datos personales se ponen a disposici\u00f3n de Kioscocina incluyen, pero no se limitan a: (i) el uso de aplicaciones m\u00f3viles de Kioscocina o visitar nuestros sitios web, (ii) el registro para los servicios, concursos y eventos especiales; (iii) el acceso a servicios utilizando una identificaci\u00f3n de un tercero, tales como los sitios de redes sociales; (iv) el uso de \u00abcompartir receta\u00bb u otras caracter\u00edsticas similares; (v) solicitar asistencia t\u00e9cnica; y (vi) cualquier otro modo por el que se use los Servicios Kioscocina, y se requieran los datos personales para su uso y \/ o participaci\u00f3n.<\/p>\n<p>Los datos que gestionamos pueden incluir, pero no se limitan a: ID de dispositivo y la direcci\u00f3n IP.<\/p>\n<p>Kioscocina puede complementar sus datos con los datos recibidos de terceros en relaci\u00f3n con la demograf\u00eda, la publicidad, el mercado y otras encuestas o servicios de an\u00e1lisis.<\/p>\n<p><span style=\"font-size: large;\"><u><b>2. Tecnolog\u00eda de inserci\u00f3n de anuncios<\/b><\/u><\/span><\/p>\n<p>Kioscocina puede emplear la tecnolog\u00eda de inserci\u00f3n de publicidad de terceros que usan ciertos m\u00e9todos para recopilar informaci\u00f3n como resultado de la inserci\u00f3n de anuncios a trav\u00e9s de Servicios.<\/p>\n<p>Kioscocina o los terceros que operan la tecnolog\u00eda de inserci\u00f3n de anuncios pueden usar la informaci\u00f3n demogr\u00e1fica y de localizaci\u00f3n geogr\u00e1fica, as\u00ed como datos registrados en su hardware o dispositivo, para asegurarse que el servicio le ofrece la publicidad adecuada. Kioscocina o los terceros pueden registrar datos, para este fin, incluyendo pero no limitado, los datos como la direcci\u00f3n IP, la ID del dispositivo, la direcci\u00f3n MAC, el software instalado, los datos de uso de la aplicaci\u00f3n, tipo de hardware, informaci\u00f3n del sistema operativo, informaci\u00f3n sobre navegadores, \u00fanico identificador en las cookies del navegador, las cookies de flash y HTML5 de almacenamiento local, informaci\u00f3n sobre el uso de internet e informaci\u00f3n durante el juego.<\/p>\n<p>Los datos anteriormente mencionados podr\u00e1n emplearse y divulgarse con arreglo a la presente pol\u00edtica de privacidad, as\u00ed como a la pol\u00edtica de privacidad de la empresa que proporciona la tecnolog\u00eda de inserci\u00f3n de anuncios.<\/p>\n<p>Algunos servicios pueden incluir el uso de publicidad durante la ejecuci\u00f3n de la app. Este tipo de anuncios o patrocinios se observan como tales dentro de los servicios.<\/p>\n<p><span style=\"font-size: large;\"><u><b>3. Analytics<\/b><\/u><\/span><\/p>\n<p>Kioscocina utiliza su informaci\u00f3n para llevar a cabo sus propias anal\u00edticas y para permitir la anal\u00edtica proporcionada por terceros. Utilizamos la informaci\u00f3n anal\u00edtica para apoyar el an\u00e1lisis de negocios y operaciones, inteligencia de negocios, desarrollo de productos, la mejora de productos y servicios, la personalizaci\u00f3n de contenidos, la publicidad, y hacer recomendaciones. Kioscocina\u00a0tambi\u00e9n podr\u00e1 utilizar a terceros, como Google Analytics con el fin de desarrollar y analizar el uso de los Servicios. Para obtener m\u00e1s informaci\u00f3n acerca Google Analytics y sus servicios, por favor consulte https:\/\/www.google.com\/analytics\/learn\/privacy.html.<\/p>\n<p><span style=\"font-size: large;\"><u><b>4. Divulgaci\u00f3n y Transferencia de Datos Personales<\/b><\/u><\/span><\/p>\n<p>Los datos personales podr\u00e1n ser revelados a terceros, incluidos terceros que se encuentren fuera de la Uni\u00f3n Europea o del Espacio Econ\u00f3mico Europeo, de conformidad con la legislaci\u00f3n aplicable y esta pol\u00edtica de privacidad.<\/p>\n<p>Kioscocina podr\u00e1 utilizar a terceros para recopilar y procesar datos personales en nombre de Kioscocina\u00a0y con arreglo a las instrucciones de Kioscocina. Kioscocina no es responsable de los actos y omisiones de dichos terceros, salvo lo dispuesto por la ley obligatoria.<\/p>\n<p><span style=\"font-size: large;\"><u><b>5. Retenci\u00f3n de datos y correcci\u00f3n<\/b><\/u><\/span><\/p>\n<p>Kioscocina retendr\u00e1 los datos recogidos durante el per\u00edodo necesario para cumplir con los fines descritos en esta pol\u00edtica de privacidad, a menos que se requiera o permita por ley un per\u00edodo de conservaci\u00f3n m\u00e1s largo. A partir de ese momento Kioscocina eliminar\u00e1 todos los datos anteriormente mencionados que se encuentran en su posesi\u00f3n dentro de un plazo razonable. Kioscocina no verificar\u00e1 la exactitud de los datos personales.<\/p>\n<p>Tenga en cuenta que algunos datos podr\u00e1n ser retenidos por m\u00e1s tiempo si es necesario para resolver litigios, cumplir con los acuerdos de usuario de Kioscocina, y cumplir con los requisitos y limitaciones t\u00e9cnicas y legales relacionadas con la seguridad, integridad y el funcionamiento de los Servicios.<\/p>\n<p><span style=\"font-size: large;\"><u><b>6. Las cookies, balizas y seguimiento<\/b><\/u><\/span><\/p>\n<p>Los servicios podr\u00e1n usar \u00abcookies\u00bb y otras tecnolog\u00edas, tales como etiquetas de p\u00edxeles, los objetos compartidos locales, identificadores de dispositivos basados en hardware, identificadores basados en el sistema operativo, GIF transparentes y balizas web. Kioscocina tratar\u00e1 la informaci\u00f3n recogida por las cookies y tecnolog\u00edas similares como datos no personales.<\/p>\n<p>Cookies: \u00abCookie\u00bb es un peque\u00f1o archivo almacenado por su navegador para registrar sus movimientos en las p\u00e1ginas web. Normalmente los sitios web colocan un n\u00famero de diferentes cookies en aparato del usuario final. Algunas de las cookies son \u00ab1\u00aa Parte,\u00bb de la propia p\u00e1gina web, y otros son \u00ab3\u00aa parte\u00bb, que pertenece a las entidades de publicidad y de an\u00e1lisis o las redes sociales. Las cookies de Kioscocina\u00a0no incluir\u00e1n datos personales y por lo general se utilizan para identificar r\u00e1pidamente el dispositivo y para \u00abrecordar\u00bb su navegador en visitas posteriores para los fines de funcionalidad, las preferencias y rendimiento del sitio web. Pod\u00e1 desactivar las cookies o configurar su navegador para que le avise cuando se env\u00eden cookies a su dispositivo; Sin embargo, deshabilitar las cookies podr\u00e1 afectar las caracter\u00edsticas y funciones de los Servicios.<\/p>\n<p>Las cookies de Flash y HTML5: Kioscocina tambi\u00e9n podr\u00e1 usar cookies de Flash (objetos compartidos locales) y almacenamiento local de HTML5. Flash cookies son peque\u00f1os archivos similares a las cookies de los exploradores, pero que no se almacenan en el navegador y tambi\u00e9n se podr\u00e1n utilizar para recordar sus ajustes, para personalizar la apariencia de los Servicios, o para la publicidad y la anal\u00edtica. Es posible evitar que las cookies de Flash se almacenen siguiendo las instrucciones proporcionadas por Adobe en http:\/\/helpx.adobe.com\/flash-player\/kb\/disable-local-shared-objects-flash.html.<\/p>\n<p>Balizas Web y las etiquetas de p\u00edxel: Una \u00abbaliza web\u00bb o una \u00abetiqueta de p\u00edxel\u00bb es una imagen gr\u00e1fica (a menudo no es visible para el usuario final) que permite a Kioscocina contar los usuarios que han visitado determinadas p\u00e1ginas o visto ciertos anuncios. Adem\u00e1s, los correos electr\u00f3nicos y otras comunicaciones electr\u00f3nicas que Kioscocina le haya enviado podr\u00e1 contener etiquetas de p\u00edxeles que permitan a Kioscocina realizar un seguimiento de su uso de la comunicaci\u00f3n, incluyendo si la comunicaci\u00f3n se abri\u00f3 y \/ o qu\u00e9 enlaces se siguieron, en su caso.<\/p>\n<p><span style=\"font-size: large;\"><u><b>7. T\u00e9rminos y Condiciones de Terceros<\/b><\/u><\/span><\/p>\n<p>Tenga en cuenta que el acceso y uso de los servicios podr\u00e1n estar sujetos a ciertos t\u00e9rminos y condiciones de terceros y Kioscocina no es responsable por el uso de sus datos personales de tales terceras partes.<\/p>\n<p>Kioscocina podr\u00e1 revelar sus datos personales a terceros en relaci\u00f3n con una fusi\u00f3n corporativa, consolidaci\u00f3n, reestructuraci\u00f3n, venta de todas las acciones y \/ o activos sustanciales de Kioscocina u otro cambio corporativo, incluyendo, sin limitaci\u00f3n, durante el curso de cualquier proceso de \u201cDue Diligence\u201d, sin embargo, esta pol\u00edtica de privacidad seguir\u00e1 regulando dichos datos personales.<\/p>\n<p><span style=\"font-size: large;\"><u><b>8. Salvaguardias<\/b><\/u><\/span><\/p>\n<p>Kioscocina sigue las normas generalmente aceptadas de la industria y mantiene protecciones razonables para intentar garantizar la seguridad, integridad y privacidad de la informaci\u00f3n en posesi\u00f3n de Kioscocina.<\/p>\n<p><span style=\"font-size: large;\"><u><b>9. Otros<\/b><\/u><\/span><\/p>\n<p>Usted podr\u00e1 optar por revelar datos sobre s\u00ed mismo en el curso de facilitar contenido generado por el usuario a los servicios.<\/p>\n<p>Cualquier dato que usted divulgue en cualquiera de estos foros, blogs, chats o similares se convertir\u00e1 en informaci\u00f3n p\u00fablica, y no hay ninguna expectativa de privacidad o confidencialidad con respecto a esos datos.<\/p>\n<p><span style=\"font-size: large;\"><u><b>10. Informaci\u00f3n adicional<\/b><\/u><\/span><\/p>\n<p>Esta pol\u00edtica de privacidad se rige por la ley espa\u00f1ola excluyendo su elecci\u00f3n de disposiciones legales.<\/p>\n<p>Kioscocina hace esfuerzos de buena fe para que usted pueda revisar, actualizar o corregir sus datos personales en posesi\u00f3n de Kioscocina.<\/p>\n<p>Kioscocina tendr\u00e1 suficiente informaci\u00f3n de usted para establecer su identidad y para verificar su solicitud de acceso, y tambi\u00e9n para que nos ayude en el manejo de su solicitud.<\/p>\n","protected":false},"excerpt":{"rendered":"[multilanguage_switcher]\n<p><span style=\"font-size: x-large;\"><b>POL\u00cdTICA DE PRIVACIDAD<\/b><\/span><\/p>\n<p>Kioscocina pertenece a la empresa Ediciones Distribuciones y Aplicaciones Peri\u00f3dicas SL, con CIF B93727212, y domicilio social en Calle Ale&#8230;<\/p>\n","protected":false},"author":1,"featured_media":0,"parent":0,"menu_order":0,"comment_status":"closed","ping_status":"closed","template":"","meta":[],"_links":{"self":[{"href":"http:\/\/kioscocina.com\/es_ES\/wp-json\/wp\/v2\/pages\/62"}],"collection":[{"href":"http:\/\/kioscocina.com\/es_ES\/wp-json\/wp\/v2\/pages"}],"about":[{"href":"http:\/\/kioscocina.com\/es_ES\/wp-json\/wp\/v2\/types\/page"}],"author":[{"embeddable":true,"href":"http:\/\/kioscocina.com\/es_ES\/wp-json\/wp\/v2\/users\/1"}],"replies":[{"embeddable":true,"href":"http:\/\/kioscocina.com\/es_ES\/wp-json\/wp\/v2\/comments?post=62"}],"version-history":[{"count":16,"href":"http:\/\/kioscocina.com\/es_ES\/wp-json\/wp\/v2\/pages\/62\/revisions"}],"predecessor-version":[{"id":110,"href":"http:\/\/kioscocina.com\/es_ES\/wp-json\/wp\/v2\/pages\/62\/revisions\/110"}],"wp:attachment":[{"href":"http:\/\/kioscocina.com\/es_ES\/wp-json\/wp\/v2\/media?parent=62"}],"curies":[{"name":"wp","href":"https:\/\/api.w.org\/{rel}","templated":true}]}}