{"id":66,"date":"2017-02-14T16:27:42","date_gmt":"2017-02-14T16:27:42","guid":{"rendered":"http:\/\/kioscocina.com\/?page_id=66"},"modified":"2020-01-08T10:58:43","modified_gmt":"2020-01-08T10:58:43","slug":"datenschutz","status":"publish","type":"page","link":"http:\/\/kioscocina.com\/es_ES\/datenschutz\/","title":{"rendered":"DATENSCHUTZ"},"content":{"rendered":"<p>DATENSCHUTZ<\/p>\n<p>Kioscocina geh\u00f6rt zum Unternehmen Ediciones Distribuciones y Aplicaciones Peri\u00f3dicas SL mit der CIF-Nummer B93727212 und Sitz in der Alejandro Dumas-Stra\u00dfe, Block 1, B\u00fcro 2, 29004 M\u00e1laga. E-Mail: vchmag@vchmag.com<\/p>\n<p>Kioscocina sammelt, speichert und verwendet Ihre pers\u00f6nlichen Informationen als Daten-Controller zur Verf\u00fcgung zu stellen und entwickeln Produkte, mobile Anwendungen, Dienste und Websites (gemeinsam als \u00abServices\u00bb) in \u00dcbereinstimmung mit dieser Datenschutzerkl\u00e4rung ( \u00abPrivacy Policy\u00bb im Zusammenhang mit ).<\/p>\n<p>F\u00fcr Fragen und Informationen \u00fcber den Datenschutz und die Rechte interessiert sind, kontaktieren Sie uns bitte \u00fcber die www.kioscocina.com Seite.<\/p>\n<p>Alle Kioscocina Dienstleistungen, die von dieser Datenschutzrichtlinie unterliegen und zu verwenden oder einen Dienst zugreifen, erkl\u00e4ren Sie sich mit der Behandlung, Verwendung und Weitergabe ihrer Daten. Bitte nicht zu installieren oder die Services nutzen, wenn Sie mit dieser Datenschutzrichtlinie nicht einverstanden sind.<\/p>\n<p>Wir behalten uns das Recht vor, diese Datenschutzerkl\u00e4rung jederzeit zu \u00e4ndern, so bitte sie h\u00e4ufig \u00fcberpr\u00fcfen. Die fortgesetzte Nutzung unserer Produkte und Online-Dienste und mobile bedeutet, dass Sie die \u00c4nderungen in unserer Datenschutzrichtlinie Online akzeptieren.<\/p>\n<p>1. Wie Sie Ihre Informationen gesammelt?<\/p>\n<p>Situationen, in denen personenbezogene Daten zu Kioscocina zur Verf\u00fcgung gestellt umfassen, sind aber nicht beschr\u00e4nkt auf: (i) die Verwendung von mobilen Anwendungen Kioscocina oder unsere Webseiten besuchen, (ii) Registrierung f\u00fcr Dienstleistungen, Wettbewerbe und Veranstaltungen besonderes; (Iii) den Zugang zu Diensten eine Identifizierung eines Dritten, wie Social-Networking-Sites verwendet wird; (Iv) die Verwendung von \u00abSharing-Rezept\u00bb oder andere \u00e4hnliche Eigenschaften; (V) technische Hilfe; und (vi) alle anderen Mittel, mit denen verwenden, um die Kioscocina Services und pers\u00f6nliche Daten f\u00fcr die Verwendung und \/ oder die Teilnahme erforderlich.<\/p>\n<p>Verwalten von Daten umfassen, sind aber nicht beschr\u00e4nkt auf: Ger\u00e4te-ID und die IP-Adresse.<\/p>\n<p>Kioscocina k\u00f6nnen ihre Daten mit Daten von Dritten in Bezug auf Demografie, Werbung, Markt- und anderen Erhebungen oder Analysen erg\u00e4nzen.<\/p>\n<p>2. Ad-Insertion-Technologie<\/p>\n<p>Kioscocina Technologie von Drittanbietern Werbeeinlage mit bestimmten Methoden verwenden, um Informationen als Folge der Einf\u00fchrung von Anzeigen durch Dienstleistungen zu erbringen.<\/p>\n<p>Kioscocina oder Dritte Betriebsanzeigen Einschubtechnik k\u00f6nnen demografische und geografische Standortinformationen verwenden (f\u00fcr weitere Informationen zur Verwendung von Standortdaten siehe unten Abschnitt 3) und registriert in Ihrer Hardware oder Datenger\u00e4t um sicherzustellen, dass der Dienst eine angemessene Publizit\u00e4t zur Verf\u00fcgung stellt. Kioscocina oder Dritte k\u00f6nnen die Daten f\u00fcr diesen Zweck erfassen, einschlie\u00dflich, aber nicht beschr\u00e4nkt auf, Daten, wie beispielsweise IP-Adresse, der Ger\u00e4te-ID, MAC-Adresse, die installierte Software, Datenanwendungsnutzung, Hardware, Informationen Betriebssystem, Browser-Informationen, eindeutige Kennung Browser-Cookies, Flash-Cookies und HTML5 lokalen Speicher, Informationen \u00fcber die Nutzung von Internet und Informationen w\u00e4hrend des Spiels.<\/p>\n<p>Die oben genannten Daten k\u00f6nnen in \u00dcbereinstimmung mit dieser Datenschutzerkl\u00e4rung und der Datenschutzpolitik des Unternehmens verwendet und offengelegt werden, dass die Anzeige Insertion-Technologie bietet.<\/p>\n<p>Einige Dienste k\u00f6nnen die Verwendung von Werbung w\u00e4hrend der Ausf\u00fchrung der App enthalten. Solche Anzeigen oder Patenschaften sind als solche innerhalb der Dienste zur Kenntnis genommen.<\/p>\n<p>3. Analytics<\/p>\n<p>Kioscocina verwendet Ihre Informationen, um ihre eigenen analytischen durchzuf\u00fchren und analytische von Dritten geliefert werden k\u00f6nnen. Wir verwenden analytische Informationen zu Business-Analyse und Operationen, Business Intelligence, Produktentwicklung, die Verbesserung der Produkte und Dienstleistungen, Personalisierung von Inhalten unterst\u00fctzen, Werbung und Empfehlungen. Rovio kann auch Dritten wie Google Analytics, um die Nutzung der Dienste zu entwickeln, nutzen und zu analysieren. Weitere Informationen zu Google Analytics und seine Dienstleistungen finden Sie auf https:\/\/www.google.com\/analytics\/learn\/privacy.html.<\/p>\n<p>4. Offenlegung und Weitergabe personenbezogener Daten<\/p>\n<p>Pers\u00f6nliche Daten k\u00f6nnen an Dritte weitergegeben werden, auch Dritten au\u00dferhalb der Europ\u00e4ischen Union oder dem Europ\u00e4ischen Wirtschaftsraum in \u00dcbereinstimmung mit geltendem Recht und dieser Datenschutzrichtlinie.<\/p>\n<p>Kioscocina k\u00f6nnen Dritte nutzen zu sammeln und personenbezogene Daten im Auftrag von Rovio und in \u00dcbereinstimmung mit den Anweisungen Kioscocina verarbeiten. Kioscocina ist nicht verantwortlich f\u00fcr die Handlungen und Unterlassungen dieser Dritten, soweit dies nicht gesetzlich zwingend vorgeschrieben.<\/p>\n<p>5. Aufbewahrung von Daten und Korrektur<\/p>\n<p>Kioscocina die Daten behalten w\u00e4hrend des Zeitraums gesammelt notwendig, um die Zwecke dieser Datenschutzrichtlinie beschrieben zu erf\u00fcllen, soweit nicht gesetzlich eine l\u00e4ngere Aufbewahrungsfrist erforderlich oder zul\u00e4ssig. Von diesem Moment entfernen Kioscocina alle oben in seinem Besitz gefunden Daten innerhalb einer angemessenen Frist. Kioscocina nicht f\u00fcr die Richtigkeit der pers\u00f6nlichen Daten zu \u00fcberpr\u00fcfen.<\/p>\n<p>Beachten Sie, dass einige Daten l\u00e4nger aufbewahrt werden kann, falls notwendig, um Streitigkeiten beizulegen Benutzervereinbarungen Kioscocina erf\u00fcllen, und erf\u00fcllen die Anforderungen und technischen und rechtlichen Beschr\u00e4nkungen in Bezug auf Sicherheit, die Integrit\u00e4t und den Betrieb der Dienste .<\/p>\n<p>6. Cookies, Baken und Tracking<\/p>\n<p>Die Dienste k\u00f6nnen \u00abCookies\u00bb und andere Technologien wie Pixel-Tags, lokale gemeinsame Objekte, Kennungen auf dem Betriebssystem basiert auf Basis von Hardware-Ger\u00e4ten, Bezeichner verwenden, transparente GIF und Web Beacons. Kioscocina Behandlung von Cookies und \u00e4hnliche Technologien wie personenbezogene Daten erhoben Informationen.<\/p>\n<p>Cookies: \u00abCookie\u00bb ist eine kleine Datei, die von Ihrem Browser gespeichert Ihre Bewegungen auf der Web-Seite Datei aufzeichnen. Websites stellen normalerweise eine Anzahl von verschiedenen Cookies auf Endbenutzerger\u00e4t. Einige der Cookies sind \u00abTeil 1\u00bb, die Website selbst, und andere sind \u00ab3rd Party\u00bb, die an Einheiten geh\u00f6rt die Werbung und Analyse oder sozialen Netzwerken. Pl\u00e4tzchen Rovio keine personenbezogenen Daten enthalten und so im allgemeinen verwendet, um Sie schnell das Ger\u00e4t zu identifizieren und zu \u00aberinnern\u00bb Ihr Browser bei zuk\u00fcnftigen Besuchen zu Zwecken der Funktionalit\u00e4t, Vorlieben und Website-Performance. Pruning Cookies deaktivieren oder Ihren Browser zu warnen, wenn Cookies gesendet werden, um Ihre Ger\u00e4t, jedoch Deaktivierung von Cookies die Eigenschaften und Funktionen der Dienste beeinflussen k\u00f6nnen.<\/p>\n<p>Flash-Cookies und HTML5: Kioscocina k\u00f6nnen auch Flash-Cookies (Local Shared Objects) und HTML5 lokalen Speicher verwenden. Flash-Cookies sind kleine \u00e4hnlich wie Browser-Cookies-Dateien, aber sie sind nicht im Browser gespeichert und k\u00f6nnen Ihre Einstellungen auch verwendet werden, um daran erinnern, das Aussehen des Services oder f\u00fcr die Werbung und Analytik anzupassen. Sie k\u00f6nnen Flash-Cookies, indem Sie die Anweisungen von Adobe in http:\/\/helpx.adobe.com\/flash-player\/kb\/disable-local-shared-objects-flash.html bereitgestellt werden gespeichert verhindern.<\/p>\n<p>Web Beacons und Pixel-Tags: Ein \u00abWeb Beacon\u00bb oder ein \u00abPixel-Tag\u00bb ist ein grafisches Bild (oft nicht f\u00fcr den Benutzer sichtbar Ende), die Kioscocina Benutzer z\u00e4hlen k\u00f6nnen, die bestimmte bestimmte Seiten besucht oder haben Anzeigen. Dar\u00fcber hinaus, E-Mails und andere elektronische Kommunikations Kioscocina haben enthalten Pixel-Tags gesendet werden, die die Nutzung von Kommunikations Kioscocina verfolgen lassen, einschlie\u00dflich, ob die Kommunikation ge\u00f6ffnet ist und \/ oder welche Links gefolgt, falls erforderlich .<\/p>\n<p>7. Third Party AGB<\/p>\n<p>Bitte beachten Sie, dass der Zugang zu und die Nutzung von Dienstleistungen zu bestimmten Bedingungen Dritter unterliegen k\u00f6nnen und Kioscocina ist nicht verantwortlich f\u00fcr die Verwendung personenbezogener Daten dieser Dritten.<\/p>\n<p>Kioscocina k\u00f6nnen Ihre personenbezogenen Daten an Dritte im Zusammenhang mit einer Unternehmensfusion, Konsolidierung, Reorganisation, Verkauf aller Aktien und \/ oder wesentliche Verm\u00f6genswerte von Kioscocina oder andere Ver\u00e4nderungen im Unternehmen, einschlie\u00dflich, ohne Einschr\u00e4nkung, im Verlauf eines Prozesses \u00abWegen offenbaren Flei\u00df \u00ab, jedoch wird diese Politik auch weiterhin solche personenbezogenen Daten zu regulieren.<\/p>\n<p>8. Schutzma\u00dfnahmen<\/p>\n<p>Kioscocina folgt allgemein anerkannten Industriestandards und unterh\u00e4lt vern\u00fcnftig zu versuchen, die Sicherheit, die Integrit\u00e4t und Vertraulichkeit von Informationen im Besitz von Kioscocina Schutz zu gew\u00e4hrleisten.<\/p>\n<p>9. Sonstige<\/p>\n<p>Sie k\u00f6nnen Informationen \u00fcber sich selbst im Laufe der Bereitstellung von Inhalten Benutzer bereitgestellten Dienste offen zu legen.<br \/>\nAlle Informationen, die Sie in einem dieser Foren offen legen, Blogs, Chats oder dergleichen wird sich die Information der \u00d6ffentlichkeit, und es gibt keine Erwartung der Privatsph\u00e4re oder Vertraulichkeit in Bezug auf diese Daten.<\/p>\n<p>10. Weitere Informationen<\/p>\n<p>Diese Datenschutzerkl\u00e4rung wird von dem spanischen Recht unter Ausschluss des Kollisions Bestimmungen.<\/p>\n<p>Kioscocina macht gutem Glauben Anstrengungen f\u00fcr Sie zu \u00fcberpr\u00fcfen, aktualisieren oder korrigieren Sie Ihre pers\u00f6nlichen durch Kioscocina gehaltenen Daten.<\/p>\n<p>Kioscocina Sie haben genug Informationen, um Ihre Identit\u00e4t zu schaffen und Ihren Antrag auf Zugang zu \u00fcberpr\u00fcfen, und auch uns zu helfen, Ihre Anfrage in der Handhabung.<\/p>\n","protected":false},"excerpt":{"rendered":"<p>DATENSCHUTZ<\/p>\n<p>Kioscocina geh\u00f6rt zum Unternehmen Ediciones Distribuciones y Aplicaciones Peri\u00f3dicas SL mit der CIF-Nummer B93727212 und Sitz in der Alejandro Dumas-Stra\u00dfe, Block 1, B\u00fcro 2, 29004 M\u00e1laga. E-Mail: vchmag@vchmag.com<\/p>\n<p>Kioscocina sammelt&#8230;<\/p>\n","protected":false},"author":1,"featured_media":0,"parent":0,"menu_order":0,"comment_status":"closed","ping_status":"closed","template":"","meta":[],"_links":{"self":[{"href":"http:\/\/kioscocina.com\/es_ES\/wp-json\/wp\/v2\/pages\/66"}],"collection":[{"href":"http:\/\/kioscocina.com\/es_ES\/wp-json\/wp\/v2\/pages"}],"about":[{"href":"http:\/\/kioscocina.com\/es_ES\/wp-json\/wp\/v2\/types\/page"}],"author":[{"embeddable":true,"href":"http:\/\/kioscocina.com\/es_ES\/wp-json\/wp\/v2\/users\/1"}],"replies":[{"embeddable":true,"href":"http:\/\/kioscocina.com\/es_ES\/wp-json\/wp\/v2\/comments?post=66"}],"version-history":[{"count":3,"href":"http:\/\/kioscocina.com\/es_ES\/wp-json\/wp\/v2\/pages\/66\/revisions"}],"predecessor-version":[{"id":106,"href":"http:\/\/kioscocina.com\/es_ES\/wp-json\/wp\/v2\/pages\/66\/revisions\/106"}],"wp:attachment":[{"href":"http:\/\/kioscocina.com\/es_ES\/wp-json\/wp\/v2\/media?parent=66"}],"curies":[{"name":"wp","href":"https:\/\/api.w.org\/{rel}","templated":true}]}}